{"id":605,"date":"2026-04-10T14:06:20","date_gmt":"2026-04-10T14:06:20","guid":{"rendered":"https:\/\/www.ritacostapereira.pt\/?page_id=605"},"modified":"2026-04-10T15:16:04","modified_gmt":"2026-04-10T15:16:04","slug":"equipa-descricao","status":"publish","type":"page","link":"https:\/\/www.ritacostapereira.pt\/en\/equipa-descricao\/","title":{"rendered":"Equipa &#8211; descri\u00e7\u00e3o"},"content":{"rendered":"<div data-elementor-type=\"wp-page\" data-elementor-id=\"605\" class=\"elementor elementor-605\">\n\t\t\t\t<div class=\"elementor-element elementor-element-cfea793 e-flex e-con-boxed e-con e-parent\" data-id=\"cfea793\" data-element_type=\"container\" data-e-type=\"container\">\n\t\t\t\t\t<div class=\"e-con-inner\">\n\t\t<div class=\"elementor-element elementor-element-8a73207 e-con-full e-flex e-con e-child\" data-id=\"8a73207\" data-element_type=\"container\" data-e-type=\"container\">\n\t\t\t\t<div class=\"elementor-element elementor-element-16cbd43 elementor-widget elementor-widget-heading\" data-id=\"16cbd43\" data-element_type=\"widget\" data-e-type=\"widget\" data-widget_type=\"heading.default\">\n\t\t\t\t<div class=\"elementor-widget-container\">\n\t\t\t\t\t<h2 class=\"elementor-heading-title elementor-size-default\">Daniela Morais<\/h2>\t\t\t\t<\/div>\n\t\t\t\t<\/div>\n\t\t\t\t<div class=\"elementor-element elementor-element-f668444 elementor-widget elementor-widget-text-editor\" data-id=\"f668444\" data-element_type=\"widget\" data-e-type=\"widget\" data-widget_type=\"text-editor.default\">\n\t\t\t\t<div class=\"elementor-widget-container\">\n\t\t\t\t\t\t\t\t\t<p>Psic\u00f3loga e m\u00e3e, dedicada a apoiar fam\u00edlias na constru\u00e7\u00e3o de uma parentalidade mais consciente, consistente e tranquila.<span class=\"Apple-converted-space\">\u00a0<\/span><\/p><p>Principais \u00e1reas de interven\u00e7\u00e3o incluem:<\/p><p>\u2022\u2060<span class=\"Apple-converted-space\">\u00a0 <\/span>\u2060Gest\u00e3o do quotidiano: Apoio em desafios de comportamento, organiza\u00e7\u00e3o de rotinas e gest\u00e3o do impacto emocional da parentalidade;<\/p><p>\u2022\u2060<span class=\"Apple-converted-space\">\u00a0 <\/span>\u2060\u2060Apoio \u00e0 Neurodiverg\u00eancia: Acompanhamento de pais de crian\u00e7as com PHDA e\/ou Perturba\u00e7\u00e3o do Espectro do Autismo (PEA), com foco em estrat\u00e9gias educativas individualizadas e realistas;<\/p><p>\u2022\u2060<span class=\"Apple-converted-space\">\u00a0 <\/span>\u2060\u2060Promo\u00e7\u00e3o da Rela\u00e7\u00e3o: Compreens\u00e3o da forma como a hist\u00f3ria dos pais e as suas emo\u00e7\u00f5es influenciam a educa\u00e7\u00e3o.<\/p>\t\t\t\t\t\t\t\t<\/div>\n\t\t\t\t<\/div>\n\t\t\t\t<\/div>\n\t\t<div class=\"elementor-element elementor-element-284461e e-con-full e-flex e-con e-child\" data-id=\"284461e\" data-element_type=\"container\" data-e-type=\"container\">\n\t\t\t\t<div class=\"elementor-element elementor-element-ce4874c elementor-widget elementor-widget-image\" data-id=\"ce4874c\" data-element_type=\"widget\" data-e-type=\"widget\" data-widget_type=\"image.default\">\n\t\t\t\t<div class=\"elementor-widget-container\">\n\t\t\t\t\t\t\t\t\t\t\t\t\t\t\t<img fetchpriority=\"high\" decoding=\"async\" width=\"800\" height=\"868\" src=\"https:\/\/www.ritacostapereira.pt\/wp-content\/uploads\/2026\/04\/CRI_6877_Original-scaled-e1775728994122-944x1024.jpeg\" class=\"attachment-large size-large wp-image-565\" alt=\"\" srcset=\"https:\/\/www.ritacostapereira.pt\/wp-content\/uploads\/2026\/04\/CRI_6877_Original-scaled-e1775728994122-944x1024.jpeg 944w, https:\/\/www.ritacostapereira.pt\/wp-content\/uploads\/2026\/04\/CRI_6877_Original-scaled-e1775728994122-277x300.jpeg 277w, https:\/\/www.ritacostapereira.pt\/wp-content\/uploads\/2026\/04\/CRI_6877_Original-scaled-e1775728994122-768x833.jpeg 768w, https:\/\/www.ritacostapereira.pt\/wp-content\/uploads\/2026\/04\/CRI_6877_Original-scaled-e1775728994122-11x12.jpeg 11w, https:\/\/www.ritacostapereira.pt\/wp-content\/uploads\/2026\/04\/CRI_6877_Original-scaled-e1775728994122-600x651.jpeg 600w, https:\/\/www.ritacostapereira.pt\/wp-content\/uploads\/2026\/04\/CRI_6877_Original-scaled-e1775728994122.jpeg 1003w\" sizes=\"(max-width: 800px) 100vw, 800px\" \/>\t\t\t\t\t\t\t\t\t\t\t\t\t\t\t<\/div>\n\t\t\t\t<\/div>\n\t\t\t\t<div class=\"elementor-element elementor-element-2c517ad elementor-widget elementor-widget-button\" data-id=\"2c517ad\" data-element_type=\"widget\" data-e-type=\"widget\" data-widget_type=\"button.default\">\n\t\t\t\t<div class=\"elementor-widget-container\">\n\t\t\t\t\t\t\t\t\t<div class=\"elementor-button-wrapper\">\n\t\t\t\t\t<a class=\"elementor-button elementor-button-link elementor-size-sm\" href=\"https:\/\/www.ritacostapereira.pt\/en\/agenda\/\">\n\t\t\t\t\t\t<span class=\"elementor-button-content-wrapper\">\n\t\t\t\t\t\t\t\t\t<span class=\"elementor-button-text\">Agendar<\/span>\n\t\t\t\t\t<\/span>\n\t\t\t\t\t<\/a>\n\t\t\t\t<\/div>\n\t\t\t\t\t\t\t\t<\/div>\n\t\t\t\t<\/div>\n\t\t\t\t<\/div>\n\t\t\t\t\t<\/div>\n\t\t\t\t<\/div>\n\t\t<div class=\"elementor-element elementor-element-317251f e-flex e-con-boxed e-con e-parent\" data-id=\"317251f\" data-element_type=\"container\" data-e-type=\"container\">\n\t\t\t\t\t<div class=\"e-con-inner\">\n\t\t\t\t<div class=\"elementor-element elementor-element-c606380 elementor-widget elementor-widget-text-editor\" data-id=\"c606380\" data-element_type=\"widget\" data-e-type=\"widget\" data-widget_type=\"text-editor.default\">\n\t\t\t\t<div class=\"elementor-widget-container\">\n\t\t\t\t\t\t\t\t\t<p><strong><span style=\"color: #000000;\">Forma\u00e7\u00e3o relevante<\/span><\/strong><\/p><p><span style=\"color: #000000;\">\u2022\u2060<span class=\"Apple-converted-space\">\u00a0 <\/span>\u2060Mestrado Psicologia Social e das organiza\u00e7\u00f5es no ISCTE<\/span><\/p><p><span style=\"color: #000000;\">\u2022\u2060<span class=\"Apple-converted-space\">\u00a0 <\/span>\u2060CCP &#8211; Psicosoma<\/span><\/p><p><span style=\"color: #000000;\">\u2022\u2060<span class=\"Apple-converted-space\">\u00a0 <\/span>\u2060Coaching + PNL &#8211; Webstudy<\/span><\/p><p><span style=\"color: #000000;\">\u2022\u2060<span class=\"Apple-converted-space\">\u00a0 <\/span>\u2060Especializa\u00e7\u00e3o Avan\u00e7ada Neuropsicologia Cl\u00ednica: da Avalia\u00e7\u00e3o \u00e0 Reabilita\u00e7\u00e3o &#8211; CRIAP<\/span><\/p><p><span style=\"color: #000000;\">\u2022\u2060<span class=\"Apple-converted-space\">\u00a0 <\/span>\u2060\u2060Curso Avan\u00e7ado Neurociencias do Beb\u00e9 &#8211; ReConstruir<\/span><\/p><p><span style=\"color: #000000;\">\u2022\u2060<span class=\"Apple-converted-space\">\u00a0 <\/span>\u2060\u2060Curso Intensivo Consulta Psicol\u00f3gica com Crian\u00e7as e Adolescentes<span class=\"Apple-converted-space\">\u00a0<\/span><\/span><\/p><p><span style=\"color: #000000;\">\u2022\u2060<span class=\"Apple-converted-space\">\u00a0 <\/span>\u2060\u2060Especializa\u00e7\u00e3o Avan\u00e7ada P\u00f3s-universit\u00e1ria Avalia\u00e7\u00e3o Psicol\u00f3gica: da Crian\u00e7a ao Adulto &#8211; ReConstruir<\/span><\/p><p><span style=\"color: #000000;\">\u2022\u2060<span class=\"Apple-converted-space\">\u00a0 <\/span>\u2060\u2060Curso Terapia dos Esquemas &#8211; AEPSIS<\/span><\/p>\t\t\t\t\t\t\t\t<\/div>\n\t\t\t\t<\/div>\n\t\t\t\t\t<\/div>\n\t\t\t\t<\/div>\n\t\t\t\t<\/div>","protected":false},"excerpt":{"rendered":"<p>Daniela Morais Psic\u00f3loga e m\u00e3e, dedicada a apoiar fam\u00edlias na constru\u00e7\u00e3o de uma parentalidade mais consciente, consistente e tranquila.\u00a0 Principais \u00e1reas de interven\u00e7\u00e3o incluem: \u2022\u2060\u00a0 \u2060Gest\u00e3o do quotidiano: Apoio em desafios de comportamento, organiza\u00e7\u00e3o de rotinas e gest\u00e3o do impacto emocional da parentalidade; \u2022\u2060\u00a0 \u2060\u2060Apoio \u00e0 Neurodiverg\u00eancia: Acompanhamento de pais de crian\u00e7as com PHDA e\/ou [&hellip;]<\/p>\n","protected":false},"author":3,"featured_media":0,"parent":0,"menu_order":0,"comment_status":"closed","ping_status":"closed","template":"elementor_header_footer","meta":{"footnotes":""},"class_list":["post-605","page","type-page","status-publish","hentry"],"_links":{"self":[{"href":"https:\/\/www.ritacostapereira.pt\/en\/wp-json\/wp\/v2\/pages\/605","targetHints":{"allow":["GET"]}}],"collection":[{"href":"https:\/\/www.ritacostapereira.pt\/en\/wp-json\/wp\/v2\/pages"}],"about":[{"href":"https:\/\/www.ritacostapereira.pt\/en\/wp-json\/wp\/v2\/types\/page"}],"author":[{"embeddable":true,"href":"https:\/\/www.ritacostapereira.pt\/en\/wp-json\/wp\/v2\/users\/3"}],"replies":[{"embeddable":true,"href":"https:\/\/www.ritacostapereira.pt\/en\/wp-json\/wp\/v2\/comments?post=605"}],"version-history":[{"count":22,"href":"https:\/\/www.ritacostapereira.pt\/en\/wp-json\/wp\/v2\/pages\/605\/revisions"}],"predecessor-version":[{"id":647,"href":"https:\/\/www.ritacostapereira.pt\/en\/wp-json\/wp\/v2\/pages\/605\/revisions\/647"}],"wp:attachment":[{"href":"https:\/\/www.ritacostapereira.pt\/en\/wp-json\/wp\/v2\/media?parent=605"}],"curies":[{"name":"wp","href":"https:\/\/api.w.org\/{rel}","templated":true}]}}